{"id":636,"date":"2020-11-09T18:26:38","date_gmt":"2020-11-09T17:26:38","guid":{"rendered":"http:\/\/www.afmb.univ-mrs.fr\/?page_id=636"},"modified":"2025-12-02T12:19:10","modified_gmt":"2025-12-02T11:19:10","slug":"home","status":"publish","type":"page","link":"https:\/\/www.afmb.univ-mrs.fr\/en\/","title":{"rendered":"Home"},"content":{"rendered":"\n<div class=\"wp-block-group alignfull homeTopBannerWrapper topSection\"><div class=\"wp-block-group__inner-container is-layout-constrained wp-block-group-is-layout-constrained\">\n<div class=\"wp-block-cover alignfull homeTopBanner\"><video class=\"wp-block-cover__video-background intrinsic-ignore\" autoplay muted loop playsinline playsinline src=\"http:\/\/www.afmb.univ-mrs.fr\/wp-content\/uploads\/2021\/09\/AFMB-SEPT.mp4\" data-object-fit=\"cover\"><\/video><span aria-hidden=\"true\" class=\"wp-block-cover__background has-dark-blue-background-color has-background-dim-10 has-background-dim\"><\/span><div class=\"wp-block-cover__inner-container is-layout-flow wp-block-cover-is-layout-flow\">\n<h1 class=\"wp-block-heading has-white-color has-text-color has-link-color wp-elements-02c8bb2bf225d703d69312afbcf28f89\"><strong>Laboratory<br>Architecture et Fonction<br>des Macromol\u00e9cules <br>Biologiques<\/strong><\/h1>\n\n\n\n<div class=\"wp-block-group homeTopBannerTextGroup has-dark-blue-color has-white-background-color has-text-color has-background\"><div class=\"wp-block-group__inner-container is-layout-flow wp-block-group-is-layout-flow\">\n<p>The Architecture et Fonction des Macromol\u00e9cules Biologiques (AFMB) laboratory, overseen by the CNRS and AMU, is a center of structural biology localized on the Luminy campus in the South of Marseilles, France, and in partnership with INRAE under contract.<\/p>\n\n\n\n<div class=\"wp-block-buttons is-layout-flex wp-block-buttons-is-layout-flex\">\n<div class=\"wp-block-button is-style-outline is-style-outline--1\"><a class=\"wp-block-button__link wp-element-button\" href=\"https:\/\/www.afmb.univ-mrs.fr\/en\/laboratory\/\">Our laboratory<\/a><\/div>\n\n\n\n<div class=\"wp-block-button is-style-outline is-style-outline--2\"><a class=\"wp-block-button__link has-orange-color has-text-color wp-element-button\" href=\"https:\/\/www.afmb.univ-mrs.fr\/en\/research\/\">Our research<\/a><\/div>\n<\/div>\n<\/div><\/div>\n<\/div><\/div>\n<\/div><\/div>\n\n\n\n<div class=\"wp-block-group homeNewsGroup\"><div class=\"wp-block-group__inner-container is-layout-constrained wp-block-group-is-layout-constrained\"><div class=\"postsHomeWrapper clearfix\"><h2 class=\"iconPlus\"><a href=\"https:\/\/www.afmb.univ-mrs.fr\/laboratoire\/actualites\/\"><em>News<\/em><\/a><\/h2><div class=\"row clearfix\"><div class=\"col-md-6\"><div class=\"postInListWrapper\"><div class=\"postInList  fadeIn\">\n\n            \n\n        <a class=\"postThumbnailLink\" href=\"https:\/\/www.afmb.univ-mrs.fr\/en\/2026\/03\/18\/welcome-to-dr-yoann-aldon-appointed-professeur-junior-afmb\/\">\n            \n            \n           \n            \n            <div class=\"postThumbnailWrapper \">\n                                            <img loading=\"lazy\" decoding=\"async\" src=\"https:\/\/www.afmb.univ-mrs.fr\/wp-content\/uploads\/2026\/03\/YoannALDON-WelcomeCARDeng-1-1000x560.jpg\" width=\"1000\" height=\"560\" alt=\"\" class=\"lazyload\" \/>\n                         <\/div>\n            \n\n            <div class=\"postInListInfosWrapper\">\n                \n               \n                \n                <h4 class=\"postTitle\">Welcome to Dr. Yoann Aldon, appointed Junior Professor @AFMB<\/h4>\n                                <p class=\"dateWrapper\">March 18, 2026<\/p>\n            <\/div>\n            \n            \n            \n        <\/a>\n\n<\/div><!-- postInList -->\n<\/div><\/div><div class=\"col-md-6\"><div class=\"postInListWrapper horizontals\"><div class=\"postInList  fadeIn\">\n\n            \n\n        <a class=\"postThumbnailLink\" href=\"https:\/\/www.afmb.univ-mrs.fr\/en\/2026\/03\/02\/job-offer-18-month-fixed-term-contract-for-an-engineer-or-and-research-engineer-in-analytical-chemistry-and-biochemistry\/\">\n            \n            \n           \n            \n            <div class=\"postThumbnailWrapper \">\n                                            <img loading=\"lazy\" decoding=\"async\" src=\"https:\/\/www.afmb.univ-mrs.fr\/wp-content\/uploads\/2021\/03\/protis005-1000x560.jpg\" width=\"1000\" height=\"560\" alt=\"\" class=\"lazyload\" \/>\n                         <\/div>\n            \n\n            <div class=\"postInListInfosWrapper\">\n                \n               \n                \n                <h4 class=\"postTitle\">Job offer: 18-month fixed-term contract for an engineer or\/and research engineer in analytical chemistry and biochemistry<\/h4>\n                                <p class=\"dateWrapper\">March 2, 2026<\/p>\n            <\/div>\n            \n            \n            \n        <\/a>\n\n<\/div><!-- postInList -->\n<\/div><div class=\"postInListWrapper horizontals\"><div class=\"postInList  fadeIn\">\n\n            \n\n        <a class=\"postThumbnailLink\" href=\"https:\/\/www.afmb.univ-mrs.fr\/en\/2026\/01\/06\/congratulations-to-lana-weber-jaime-fernandez-and-vincent-wilde-the-2024-phds-of-the-afmb-lab\/\">\n            \n            \n           \n            \n            <div class=\"postThumbnailWrapper \">\n                                            <img loading=\"lazy\" decoding=\"async\" src=\"https:\/\/www.afmb.univ-mrs.fr\/wp-content\/uploads\/2026\/01\/montageENG-scaled-e1767714919883-1000x560.jpg\" width=\"1000\" height=\"560\" alt=\"\" class=\"lazyload\" \/>\n                         <\/div>\n            \n\n            <div class=\"postInListInfosWrapper\">\n                \n               \n                \n                <h4 class=\"postTitle\">Congratulations to Lana Weber, Jaime Fernandez and Vincent Wilde \u2013 the 2025 PhDs of the AFMB lab!<\/h4>\n                                <p class=\"dateWrapper\">January 6, 2026<\/p>\n            <\/div>\n            \n            \n            \n        <\/a>\n\n<\/div><!-- postInList -->\n<\/div><div class=\"postInListWrapper horizontals\"><div class=\"postInList  fadeIn\">\n\n            \n\n        <a class=\"postThumbnailLink\" href=\"https:\/\/www.afmb.univ-mrs.fr\/en\/2025\/11\/24\/congratulation-to-maeva-cunha-mederic-degardin-ing-m-sc-a-and-florian-chardon-who-won-respectively-1st-2nd-and-3rd-price-for-the-180-sec-afmb-competition-during-our-annual-lab-retreat-and-thank\/\">\n            \n            \n           \n            \n            <div class=\"postThumbnailWrapper \">\n                                            <img loading=\"lazy\" decoding=\"async\" src=\"https:\/\/www.afmb.univ-mrs.fr\/wp-content\/uploads\/2025\/11\/IMG_3643small.jpg\" width=\"567\" height=\"302\" alt=\"\" class=\"lazyload\" \/>\n                         <\/div>\n            \n\n            <div class=\"postInListInfosWrapper\">\n                \n               \n                \n                <h4 class=\"postTitle\">Congratulations to Ma\u00ebva Cunha, M\u00e9d\u00e9ric D\u00e9gardin and Florian Chardon, who respectively won the 1st, 2nd and 3rd prizes for the 180-sec competition during the 2025 AFMB lab days &#8211; and thanks to Yves for the improvised &#8220;Bourne Prize&#8221; \ud83d\ude09<\/h4>\n                                <p class=\"dateWrapper\">November 24, 2025<\/p>\n            <\/div>\n            \n            \n            \n        <\/a>\n\n<\/div><!-- postInList -->\n<\/div><\/div><\/div><\/div>\n<\/div><\/div>\n\n\n\n<div class=\"wp-block-group alignfull homeBottomColumnsWrapper\"><div class=\"wp-block-group__inner-container is-layout-flow wp-block-group-is-layout-flow\">\n<div class=\"wp-block-columns is-layout-flex wp-container-core-columns-is-layout-9d6595d7 wp-block-columns-is-layout-flex\">\n<div class=\"wp-block-column is-layout-flow wp-block-column-is-layout-flow\" style=\"flex-basis:60%\"><div class=\"upcomingEventsWrapper clearfix\"><h2 class=\"iconPlus\"><a href=\"https:\/\/www.afmb.univ-mrs.fr\/laboratoire\/agenda\/\"><em>Upcoming events<\/em><\/a><\/h2><div class=\"eventsList clearfix\"><div class=\"eventInListWrapper\"><div class=\"eventInList fadeIn\">\n\n            \n\n\t<a class=\"eventLink\" href=\"https:\/\/www.afmb.univ-mrs.fr\/en\/event\/phd-students-aswathi-chandran-kolangara-veedu-et-hugo-bost\/\">\n            \n            \n            <div class=\"eventDateWrapper\">\n                <span class=\"day\">4<\/span>\n                <span class=\"month\">May<\/span>\n                <span class=\"year\">2026<\/span>\n            <\/div>\n            \n           \n            \n\n            <div class=\"eventInListInfosWrapper\">\n                \n                                <p class=\"eventCategory\"><span class=\"cat-15\">Seminar<\/span><\/p>\n                               \n                \n                <h5 class=\"eventTitle\">PhD students: Aswathi Chandran Kolangara Veedu and Hugo Bost<\/h5>\n                                                <div class=\"eventTime\"><i class=\"fas fa-calendar-check\"><\/i> 11h00<\/div>\n                                                <div class=\"eventLocalisation\"><i class=\"fas fa-map-marker\"><\/i> AFMB<\/div>\n                               \n            <\/div>\n            \n            \n            \n        <\/a>\n\n<\/div><!-- postInList -->\n<\/div><div class=\"eventInListWrapper\"><div class=\"eventInList fadeIn\">\n\n            \n\n\t<a class=\"eventLink\" href=\"https:\/\/www.afmb.univ-mrs.fr\/en\/event\/directors-guest-nadia-naffakh-pasteur-institute-paris-hijacking-the-host-cellular-co-factors-in-influenza-a-virus-transcription-and-replication\/\">\n            \n            \n            <div class=\"eventDateWrapper\">\n                <span class=\"day\">11<\/span>\n                <span class=\"month\">May<\/span>\n                <span class=\"year\">2026<\/span>\n            <\/div>\n            \n           \n            \n\n            <div class=\"eventInListInfosWrapper\">\n                \n                                <p class=\"eventCategory\"><span class=\"cat-16\">Webinar<\/span><\/p>\n                               \n                \n                <h5 class=\"eventTitle\">Director&#8217;s guest: Nadia Naffakh, Pasteur institute, Paris -&#8220;Hijacking\u00a0the host:\u00a0cellular\u00a0co-factors\u00a0in influenza A virus transcription and\u00a0replication&#8221;<\/h5>\n                                                <div class=\"eventTime\"><i class=\"fas fa-calendar-check\"><\/i> 11h00<\/div>\n                                                <div class=\"eventLocalisation\"><i class=\"fas fa-map-marker\"><\/i> online @AFMB<\/div>\n                               \n            <\/div>\n            \n            \n            \n        <\/a>\n\n<\/div><!-- postInList -->\n<\/div><\/div><\/div>\n<\/div>\n\n\n\n<div class=\"wp-block-column is-layout-flow wp-block-column-is-layout-flow\" style=\"flex-basis:40%\">\n<div class=\"wp-block-group homeTwitterWrapper\"><div class=\"wp-block-group__inner-container is-layout-flow wp-block-group-is-layout-flow\">\n<blockquote class=\"bluesky-embed\" data-bluesky-uri=\"at:\/\/did:plc:vrsppvjc5fysqnm2zshiirey\/app.bsky.feed.post\/3m6wzjvcoi72d\" data-bluesky-cid=\"bafyreihej3x7tb4njcbemwqgz74inlz5ayvykbld2ivl4tr6fksikvhyze\" data-bluesky-embed-color-mode=\"light\"><p lang=\"\">Five years ago, researchers at Google DeepMind unveiled AlphaFold2\n\ngo.nature.com\/3M1Tvxx<br><br><a href=\"https:\/\/bsky.app\/profile\/did:plc:vrsppvjc5fysqnm2zshiirey\/post\/3m6wzjvcoi72d?ref_src=embed\">[image or embed]<\/a><\/p>&mdash; Nature (<a href=\"https:\/\/bsky.app\/profile\/did:plc:vrsppvjc5fysqnm2zshiirey?ref_src=embed\">@nature.com<\/a>) <a href=\"https:\/\/bsky.app\/profile\/did:plc:vrsppvjc5fysqnm2zshiirey\/post\/3m6wzjvcoi72d?ref_src=embed\">1 December 2025 at 19:09<\/a><\/blockquote><script async src=\"https:\/\/embed.bsky.app\/static\/embed.js\" charset=\"utf-8\"><\/script>\n<\/div><\/div>\n<\/div>\n<\/div>\n<\/div><\/div>\n","protected":false},"excerpt":{"rendered":"<p>Five years ago, researchers at Google DeepMind unveiled AlphaFold2 go.nature.com\/3M1Tvxx [image or embed] &mdash; Nature (@nature.com) 1 December 2025 at [&hellip;]<\/p>\n","protected":false},"author":1,"featured_media":0,"parent":0,"menu_order":1,"comment_status":"closed","ping_status":"closed","template":"page-templates\/page-accueil.php","meta":{"footnotes":""},"class_list":["post-636","page","type-page","status-publish","hentry","entry"],"_links":{"self":[{"href":"https:\/\/www.afmb.univ-mrs.fr\/en\/wp-json\/wp\/v2\/pages\/636","targetHints":{"allow":["GET"]}}],"collection":[{"href":"https:\/\/www.afmb.univ-mrs.fr\/en\/wp-json\/wp\/v2\/pages"}],"about":[{"href":"https:\/\/www.afmb.univ-mrs.fr\/en\/wp-json\/wp\/v2\/types\/page"}],"author":[{"embeddable":true,"href":"https:\/\/www.afmb.univ-mrs.fr\/en\/wp-json\/wp\/v2\/users\/1"}],"replies":[{"embeddable":true,"href":"https:\/\/www.afmb.univ-mrs.fr\/en\/wp-json\/wp\/v2\/comments?post=636"}],"version-history":[{"count":34,"href":"https:\/\/www.afmb.univ-mrs.fr\/en\/wp-json\/wp\/v2\/pages\/636\/revisions"}],"predecessor-version":[{"id":11617,"href":"https:\/\/www.afmb.univ-mrs.fr\/en\/wp-json\/wp\/v2\/pages\/636\/revisions\/11617"}],"wp:attachment":[{"href":"https:\/\/www.afmb.univ-mrs.fr\/en\/wp-json\/wp\/v2\/media?parent=636"}],"curies":[{"name":"wp","href":"https:\/\/api.w.org\/{rel}","templated":true}]}}