{"id":773,"date":"2021-04-13T14:18:40","date_gmt":"2021-04-13T13:18:40","guid":{"rendered":"http:\/\/www.afmb.univ-mrs.fr\/?page_id=773"},"modified":"2025-03-13T09:37:07","modified_gmt":"2025-03-13T08:37:07","slug":"organisation","status":"publish","type":"page","link":"https:\/\/www.afmb.univ-mrs.fr\/en\/laboratory\/organisation\/","title":{"rendered":"Organization"},"content":{"rendered":"\n<div style=\"height:50px\" aria-hidden=\"true\" class=\"wp-block-spacer\"><\/div>\n\n\n\n<div class=\"wp-block-columns is-layout-flex wp-container-core-columns-is-layout-9d6595d7 wp-block-columns-is-layout-flex\">\n<div class=\"wp-block-column is-layout-flow wp-block-column-is-layout-flow\" style=\"flex-basis:33.33%\">\n<h5 class=\"wp-block-heading\">Director<\/h5>\n\n\n<div class=\"lazyblock-member-block-Z1xHUSF wp-block-lazyblock-member-block\"><div class=\"memberInList fadeIn\">\n    <a class=\"itemLink\" href=\"https:\/\/www.afmb.univ-mrs.fr\/en\/member\/juan-reguera\/\">\n        <div class=\"imgWrapper\">\n                                    <img loading=\"lazy\" decoding=\"async\" src=\"https:\/\/www.afmb.univ-mrs.fr\/wp-content\/uploads\/2021\/03\/Portrait-Juan-Reguera-1-500x500.jpg\" width=\"500\" height=\"500\" alt=\"\" class=\"lazyload\" \/>\n                    <\/div>\n        <div class=\"memberInfos\">\n            <p class=\"memberInListName\">Juan Reguera<\/p>\n                        <div class=\"memberInListExcerpt\">\n            <p>Senior researcher<\/p>\n            <\/div>\n                                <\/div>\n    <\/a>\n<\/div><\/div>\n\n\n<div style=\"height:100px\" aria-hidden=\"true\" class=\"wp-block-spacer\"><\/div>\n\n\n\n<h5 class=\"wp-block-heading\">Deputy directors<\/h5>\n\n\n<div class=\"lazyblock-member-block-ClRgg wp-block-lazyblock-member-block\"><div class=\"memberInList fadeIn\">\n    <a class=\"itemLink\" href=\"https:\/\/www.afmb.univ-mrs.fr\/en\/member\/gerlind-sulzenbacher\/\">\n        <div class=\"imgWrapper\">\n                                    <img loading=\"lazy\" decoding=\"async\" src=\"https:\/\/www.afmb.univ-mrs.fr\/wp-content\/uploads\/2021\/03\/DSC_0237-scaled-e1646234356435-500x500.jpg\" width=\"500\" height=\"500\" alt=\"\" class=\"lazyload\" \/>\n                    <\/div>\n        <div class=\"memberInfos\">\n            <p class=\"memberInListName\">Gerlind Sulzenbacher<\/p>\n                        <div class=\"memberInListExcerpt\">\n            <p>Research engineer<\/p>\n            <\/div>\n                                <\/div>\n    <\/a>\n<\/div><\/div>\n\n<div class=\"lazyblock-member-block-ZPNauV wp-block-lazyblock-member-block\"><div class=\"memberInList fadeIn\">\n    <a class=\"itemLink\" href=\"https:\/\/www.afmb.univ-mrs.fr\/en\/member\/pedro-m-coutinho\/\">\n        <div class=\"imgWrapper\">\n                                    <img loading=\"lazy\" decoding=\"async\" src=\"https:\/\/www.afmb.univ-mrs.fr\/wp-content\/uploads\/2021\/03\/Portrait-Pedro-Couthino-500x500.jpg\" width=\"500\" height=\"500\" alt=\"\" class=\"lazyload\" \/>\n                    <\/div>\n        <div class=\"memberInfos\">\n            <p class=\"memberInListName\">Pedro M Coutinho<\/p>\n                        <div class=\"memberInListExcerpt\">\n            <p>Professor<\/p>\n            <\/div>\n                                <\/div>\n    <\/a>\n<\/div><\/div><\/div>\n\n\n\n<div class=\"wp-block-column is-layout-flow wp-block-column-is-layout-flow\" style=\"flex-basis:66.66%\">\n<figure class=\"wp-block-image size-large\"><img loading=\"lazy\" decoding=\"async\" width=\"1024\" height=\"812\" src=\"https:\/\/www.afmb.univ-mrs.fr\/wp-content\/uploads\/2025\/03\/orga-web-AFMB-en2025-2-1024x812.png\" alt=\"\" class=\"wp-image-10760\" srcset=\"https:\/\/www.afmb.univ-mrs.fr\/wp-content\/uploads\/2025\/03\/orga-web-AFMB-en2025-2-1024x812.png 1024w, https:\/\/www.afmb.univ-mrs.fr\/wp-content\/uploads\/2025\/03\/orga-web-AFMB-en2025-2-500x396.png 500w, https:\/\/www.afmb.univ-mrs.fr\/wp-content\/uploads\/2025\/03\/orga-web-AFMB-en2025-2-768x609.png 768w, https:\/\/www.afmb.univ-mrs.fr\/wp-content\/uploads\/2025\/03\/orga-web-AFMB-en2025-2-1536x1218.png 1536w, https:\/\/www.afmb.univ-mrs.fr\/wp-content\/uploads\/2025\/03\/orga-web-AFMB-en2025-2-2048x1624.png 2048w\" sizes=\"auto, (max-width: 740px) 100vw, 740px\" \/><\/figure>\n<\/div>\n<\/div>\n\n\n\n<h2 class=\"wp-block-heading\">Support services<\/h2>\n\n\n\n<div style=\"height:50px\" aria-hidden=\"true\" class=\"wp-block-spacer\"><\/div>\n\n\n\n<div class=\"wp-block-columns is-layout-flex wp-container-core-columns-is-layout-9d6595d7 wp-block-columns-is-layout-flex\">\n<div class=\"wp-block-column is-layout-flow wp-block-column-is-layout-flow\">\n<h5 class=\"wp-block-heading\"><strong>Administrative and financial management<\/strong><\/h5>\n\n\n<div class=\"lazyblock-member-block-1Q3pNK wp-block-lazyblock-member-block\"><div class=\"memberInList fadeIn\">\n    <a class=\"itemLink\" href=\"https:\/\/www.afmb.univ-mrs.fr\/en\/member\/beatrice-rolland\/\">\n        <div class=\"imgWrapper\">\n                                    <img loading=\"lazy\" decoding=\"async\" src=\"https:\/\/www.afmb.univ-mrs.fr\/wp-content\/uploads\/2021\/04\/Portrait-Beatrice-Rolland-500x500.jpg\" width=\"500\" height=\"500\" alt=\"\" class=\"lazyload\" \/>\n                    <\/div>\n        <div class=\"memberInfos\">\n            <p class=\"memberInListName\">B\u00e9atrice Rolland<\/p>\n                        <div class=\"memberInListExcerpt\">\n            <p>Engineer assistant<\/p>\n            <\/div>\n                                <\/div>\n    <\/a>\n<\/div><\/div>\n\n\n<p><\/p>\n<\/div>\n\n\n\n<div class=\"wp-block-column is-layout-flow wp-block-column-is-layout-flow\">\n<h5 class=\"wp-block-heading\"><strong>Informatics<\/strong><\/h5>\n\n\n<div class=\"lazyblock-member-block-XyTqK wp-block-lazyblock-member-block\"><div class=\"memberInList fadeIn\">\n    <a class=\"itemLink\" href=\"https:\/\/www.afmb.univ-mrs.fr\/en\/member\/denis-patrat\/\">\n        <div class=\"imgWrapper\">\n                                    <img loading=\"lazy\" decoding=\"async\" src=\"https:\/\/www.afmb.univ-mrs.fr\/wp-content\/uploads\/2021\/04\/denisPAT-500x500.jpg\" width=\"500\" height=\"500\" alt=\"\" class=\"lazyload\" \/>\n                    <\/div>\n        <div class=\"memberInfos\">\n            <p class=\"memberInListName\">Denis Patrat<\/p>\n                        <div class=\"memberInListExcerpt\">\n            <p>Engineer assistant <\/p>\n            <\/div>\n                                <\/div>\n    <\/a>\n<\/div><\/div>\n\n\n<p><\/p>\n<\/div>\n\n\n\n<div class=\"wp-block-column is-layout-flow wp-block-column-is-layout-flow\">\n<h5 class=\"wp-block-heading\"><strong>Infrastructure and logistics<\/strong><\/h5>\n\n\n<div class=\"lazyblock-member-block-1dR4MK wp-block-lazyblock-member-block\"><div class=\"memberInList fadeIn\">\n    <a class=\"itemLink\" href=\"https:\/\/www.afmb.univ-mrs.fr\/en\/member\/paul-zamboni\/\">\n        <div class=\"imgWrapper\">\n                                    <img loading=\"lazy\" decoding=\"async\" src=\"https:\/\/www.afmb.univ-mrs.fr\/wp-content\/uploads\/2021\/04\/Portrait-Paul-Zamboni-1-500x500.jpg\" width=\"500\" height=\"500\" alt=\"\" class=\"lazyload\" \/>\n                    <\/div>\n        <div class=\"memberInfos\">\n            <p class=\"memberInListName\">Paul Zamboni<\/p>\n                        <div class=\"memberInListExcerpt\">\n            <p>Engineer assistant<\/p>\n            <\/div>\n                                <\/div>\n    <\/a>\n<\/div><\/div>\n\n\n<p><\/p>\n<\/div>\n<\/div>\n\n\n\n<div style=\"height:50px\" aria-hidden=\"true\" class=\"wp-block-spacer\"><\/div>\n\n\n\n<div class=\"wp-block-columns is-layout-flex wp-container-core-columns-is-layout-9d6595d7 wp-block-columns-is-layout-flex\">\n<div class=\"wp-block-column is-layout-flow wp-block-column-is-layout-flow\">\n<h5 class=\"wp-block-heading\"><strong><strong><strong>Prevention assistan<\/strong><\/strong><\/strong>ce<\/h5>\n\n\n<div class=\"lazyblock-member-block-JUJpB wp-block-lazyblock-member-block\"><div class=\"memberInList fadeIn\">\n    <a class=\"itemLink\" href=\"https:\/\/www.afmb.univ-mrs.fr\/en\/member\/veronique-fattorini\/\">\n        <div class=\"imgWrapper\">\n                                    <img loading=\"lazy\" decoding=\"async\" src=\"https:\/\/www.afmb.univ-mrs.fr\/wp-content\/uploads\/2021\/03\/Portrait-Veronique-Fattorini-1-500x500.jpg\" width=\"500\" height=\"500\" alt=\"\" class=\"lazyload\" \/>\n                    <\/div>\n        <div class=\"memberInfos\">\n            <p class=\"memberInListName\">V\u00e9ronique Fattorini<\/p>\n                        <div class=\"memberInListExcerpt\">\n            <p>Engineer<\/p>\n            <\/div>\n                                <\/div>\n    <\/a>\n<\/div><\/div>\n\n<div class=\"lazyblock-member-block-1wY0km wp-block-lazyblock-member-block\"><div class=\"memberInList fadeIn\">\n    <a class=\"itemLink\" href=\"https:\/\/www.afmb.univ-mrs.fr\/en\/member\/anais-gaubert\/\">\n        <div class=\"imgWrapper\">\n                                    <img loading=\"lazy\" decoding=\"async\" src=\"https:\/\/www.afmb.univ-mrs.fr\/wp-content\/uploads\/2021\/07\/Anais-Gaubert-scaled-e1655373789620-500x500.jpg\" width=\"500\" height=\"500\" alt=\"\" class=\"lazyload\" \/>\n                    <\/div>\n        <div class=\"memberInfos\">\n            <p class=\"memberInListName\">Ana\u00efs Gaubert<\/p>\n                        <div class=\"memberInListExcerpt\">\n            <p>Engineer<\/p>\n            <\/div>\n                                <\/div>\n    <\/a>\n<\/div><\/div><\/div>\n\n\n\n<div class=\"wp-block-column is-layout-flow wp-block-column-is-layout-flow\">\n<h5 class=\"wp-block-heading\"><strong><strong><strong>Gender equality<\/strong><\/strong><\/strong><\/h5>\n\n\n<div class=\"lazyblock-member-block-ZPvjrH wp-block-lazyblock-member-block\"><div class=\"memberInList fadeIn\">\n    <a class=\"itemLink\" href=\"https:\/\/www.afmb.univ-mrs.fr\/en\/member\/nadia-rabah\/\">\n        <div class=\"imgWrapper\">\n                                    <img loading=\"lazy\" decoding=\"async\" src=\"https:\/\/www.afmb.univ-mrs.fr\/wp-content\/uploads\/2021\/03\/Portrait-Nadia-Rabah-1-500x500.jpg\" width=\"500\" height=\"500\" alt=\"\" class=\"lazyload\" \/>\n                    <\/div>\n        <div class=\"memberInfos\">\n            <p class=\"memberInListName\">Nadia Rabah<\/p>\n                        <div class=\"memberInListExcerpt\">\n            <p>Professor<\/p>\n            <\/div>\n                                <\/div>\n    <\/a>\n<\/div><\/div>\n\n<div class=\"lazyblock-member-block-Z4HQDy wp-block-lazyblock-member-block\"><div class=\"memberInList fadeIn\">\n    <a class=\"itemLink\" href=\"https:\/\/www.afmb.univ-mrs.fr\/en\/member\/mederic-degardin\/\">\n        <div class=\"imgWrapper\">\n                                    <img loading=\"lazy\" decoding=\"async\" src=\"https:\/\/www.afmb.univ-mrs.fr\/wp-content\/uploads\/2023\/10\/Photo-CV-MD-500x500.jpg\" width=\"500\" height=\"500\" alt=\"\" class=\"lazyload\" \/>\n                    <\/div>\n        <div class=\"memberInfos\">\n            <p class=\"memberInListName\">M\u00e9d\u00e9ric D\u00e9gardin<\/p>\n                        <div class=\"memberInListExcerpt\">\n            <p>Ph.D. student<\/p>\n            <\/div>\n                                <\/div>\n    <\/a>\n<\/div><\/div>\n\n<div class=\"lazyblock-member-block-1B3hxw wp-block-lazyblock-member-block\"><div class=\"memberInList fadeIn\">\n    <a class=\"itemLink\" href=\"https:\/\/www.afmb.univ-mrs.fr\/en\/member\/harshita-sawdekar\/\">\n        <div class=\"imgWrapper\">\n                                    <img loading=\"lazy\" decoding=\"async\" src=\"https:\/\/www.afmb.univ-mrs.fr\/wp-content\/uploads\/2023\/10\/Photo-Harshita-Sawdekar-500x500.jpg\" width=\"500\" height=\"500\" alt=\"\" class=\"lazyload\" \/>\n                    <\/div>\n        <div class=\"memberInfos\">\n            <p class=\"memberInListName\">Harshita Sawdekar<\/p>\n                        <div class=\"memberInListExcerpt\">\n            <p>Ph.D. student<br \/>\nCo-supervised with Joseph Chamieh (IBMM, Montpellier)<\/p>\n            <\/div>\n                                <\/div>\n    <\/a>\n<\/div><\/div><\/div>\n\n\n\n<div class=\"wp-block-column is-layout-flow wp-block-column-is-layout-flow\">\n<h5 class=\"wp-block-heading\"><strong><strong><strong>Highly pathogenic microorganisms and toxins<\/strong><\/strong><\/strong><\/h5>\n\n\n<div class=\"lazyblock-member-block-29LKhA wp-block-lazyblock-member-block\"><div class=\"memberInList fadeIn\">\n    <a class=\"itemLink\" href=\"https:\/\/www.afmb.univ-mrs.fr\/en\/member\/juan-reguera\/\">\n        <div class=\"imgWrapper\">\n                                    <img loading=\"lazy\" decoding=\"async\" src=\"https:\/\/www.afmb.univ-mrs.fr\/wp-content\/uploads\/2021\/03\/Portrait-Juan-Reguera-1-500x500.jpg\" width=\"500\" height=\"500\" alt=\"\" class=\"lazyload\" \/>\n                    <\/div>\n        <div class=\"memberInfos\">\n            <p class=\"memberInListName\">Juan Reguera<\/p>\n                        <div class=\"memberInListExcerpt\">\n            <p>Senior researcher<\/p>\n            <\/div>\n                                <\/div>\n    <\/a>\n<\/div><\/div>\n\n<div class=\"lazyblock-member-block-Z1qWnRp wp-block-lazyblock-member-block\"><div class=\"memberInList fadeIn\">\n    <a class=\"itemLink\" href=\"https:\/\/www.afmb.univ-mrs.fr\/en\/member\/karine-alvarez\/\">\n        <div class=\"imgWrapper\">\n                                    <img loading=\"lazy\" decoding=\"async\" src=\"https:\/\/www.afmb.univ-mrs.fr\/wp-content\/uploads\/2021\/03\/DSC_0162-500x500.jpg\" width=\"500\" height=\"500\" alt=\"\" class=\"lazyload\" \/>\n                    <\/div>\n        <div class=\"memberInfos\">\n            <p class=\"memberInListName\">Karine Alvarez<\/p>\n                        <div class=\"memberInListExcerpt\">\n            <p>Senior researcher<\/p>\n            <\/div>\n                                <\/div>\n    <\/a>\n<\/div><\/div><\/div>\n<\/div>\n\n\n\n<div style=\"height:50px\" aria-hidden=\"true\" class=\"wp-block-spacer\"><\/div>\n\n\n\n<div class=\"wp-block-columns is-layout-flex wp-container-core-columns-is-layout-9d6595d7 wp-block-columns-is-layout-flex\">\n<div class=\"wp-block-column is-layout-flow wp-block-column-is-layout-flow\">\n<h5 class=\"wp-block-heading\"><strong><strong><strong><strong>Radiation protection advice<\/strong><\/strong><\/strong><\/strong><\/h5>\n\n\n<div class=\"lazyblock-member-block-Z170mtP wp-block-lazyblock-member-block\"><div class=\"memberInList fadeIn\">\n    <a class=\"itemLink\" href=\"https:\/\/www.afmb.univ-mrs.fr\/en\/member\/barbara-selisko\/\">\n        <div class=\"imgWrapper\">\n                                    <img loading=\"lazy\" decoding=\"async\" src=\"https:\/\/www.afmb.univ-mrs.fr\/wp-content\/uploads\/2021\/03\/DSC_0390-500x500.jpg\" width=\"500\" height=\"500\" alt=\"\" class=\"lazyload\" \/>\n                    <\/div>\n        <div class=\"memberInfos\">\n            <p class=\"memberInListName\">Barbara Selisko<\/p>\n                        <div class=\"memberInListExcerpt\">\n            <p>Research engineer<\/p>\n            <\/div>\n                                <\/div>\n    <\/a>\n<\/div><\/div>\n\n<div class=\"lazyblock-member-block-1W8Mvz wp-block-lazyblock-member-block\"><div class=\"memberInList fadeIn\">\n    <a class=\"itemLink\" href=\"https:\/\/www.afmb.univ-mrs.fr\/en\/member\/olivier-fuchsbauer\/\">\n        <div class=\"imgWrapper\">\n                        <img loading=\"lazy\" decoding=\"async\" src=\"https:\/\/www.afmb.univ-mrs.fr\/wp-content\/themes\/afmb\/assets\/img\/no-image-user.png\" alt=\"\" width=\"50\" height=\"50\" \/>\n                    <\/div>\n        <div class=\"memberInfos\">\n            <p class=\"memberInListName\">Olivier Fuchsbauer<\/p>\n                        <div class=\"memberInListExcerpt\">\n            <p>Engineer<\/p>\n            <\/div>\n                                <\/div>\n    <\/a>\n<\/div><\/div><\/div>\n\n\n\n<div class=\"wp-block-column is-layout-flow wp-block-column-is-layout-flow\">\n<h5 class=\"wp-block-heading\"><strong><strong><strong><strong>Transport of hazardous substances<\/strong><\/strong><\/strong><\/strong><\/h5>\n\n\n<div class=\"lazyblock-member-block-sbU1D wp-block-lazyblock-member-block\"><div class=\"memberInList fadeIn\">\n    <a class=\"itemLink\" href=\"https:\/\/www.afmb.univ-mrs.fr\/en\/member\/beatrice-rolland\/\">\n        <div class=\"imgWrapper\">\n                                    <img loading=\"lazy\" decoding=\"async\" src=\"https:\/\/www.afmb.univ-mrs.fr\/wp-content\/uploads\/2021\/04\/Portrait-Beatrice-Rolland-500x500.jpg\" width=\"500\" height=\"500\" alt=\"\" class=\"lazyload\" \/>\n                    <\/div>\n        <div class=\"memberInfos\">\n            <p class=\"memberInListName\">B\u00e9atrice Rolland<\/p>\n                        <div class=\"memberInListExcerpt\">\n            <p>Engineer assistant<\/p>\n            <\/div>\n                                <\/div>\n    <\/a>\n<\/div><\/div>\n\n\n<p><\/p>\n<\/div>\n\n\n\n<div class=\"wp-block-column is-layout-flow wp-block-column-is-layout-flow\">\n<h5 class=\"wp-block-heading\"><strong>Preparations in biology<\/strong><\/h5>\n\n\n<div class=\"lazyblock-member-block-Zdbg22 wp-block-lazyblock-member-block\"><div class=\"memberInList fadeIn\">\n    <a class=\"itemLink\" href=\"https:\/\/www.afmb.univ-mrs.fr\/en\/member\/veronique-zamboni\/\">\n        <div class=\"imgWrapper\">\n                                    <img loading=\"lazy\" decoding=\"async\" src=\"https:\/\/www.afmb.univ-mrs.fr\/wp-content\/uploads\/2021\/03\/Portrait-Veronique-Zamboni-1-500x500.jpg\" width=\"500\" height=\"500\" alt=\"\" class=\"lazyload\" \/>\n                    <\/div>\n        <div class=\"memberInfos\">\n            <p class=\"memberInListName\">V\u00e9ronique Zamboni<\/p>\n                        <div class=\"memberInListExcerpt\">\n            <p>Engineer<\/p>\n            <\/div>\n                                <\/div>\n    <\/a>\n<\/div><\/div><\/div>\n<\/div>\n\n\n\n<div style=\"height:50px\" aria-hidden=\"true\" class=\"wp-block-spacer\"><\/div>\n\n\n\n<div class=\"wp-block-columns is-layout-flex wp-container-core-columns-is-layout-9d6595d7 wp-block-columns-is-layout-flex\">\n<div class=\"wp-block-column is-layout-flow wp-block-column-is-layout-flow\">\n<h5 class=\"wp-block-heading\"><strong><strong><strong><strong>Continuous education<\/strong><\/strong><\/strong><\/strong><\/h5>\n\n\n<div class=\"lazyblock-member-block-TTLQb wp-block-lazyblock-member-block\"><div class=\"memberInList fadeIn\">\n    <a class=\"itemLink\" href=\"https:\/\/www.afmb.univ-mrs.fr\/en\/member\/vincent-lombard\/\">\n        <div class=\"imgWrapper\">\n                                    <img loading=\"lazy\" decoding=\"async\" src=\"https:\/\/www.afmb.univ-mrs.fr\/wp-content\/uploads\/2021\/03\/Portrait-Vincent-Lombard-1-500x500.jpg\" width=\"500\" height=\"500\" alt=\"\" class=\"lazyload\" \/>\n                    <\/div>\n        <div class=\"memberInfos\">\n            <p class=\"memberInListName\">Vincent Lombard<\/p>\n                        <div class=\"memberInListExcerpt\">\n            <p>Research engineer<\/p>\n            <\/div>\n                                <\/div>\n    <\/a>\n<\/div><\/div>\n\n\n<div style=\"height:50px\" aria-hidden=\"true\" class=\"wp-block-spacer\"><\/div>\n\n\n\n<h5 class=\"wp-block-heading\">Sustained development<\/h5>\n\n\n<div class=\"lazyblock-member-block-Z225iBg wp-block-lazyblock-member-block\"><div class=\"memberInList fadeIn\">\n    <a class=\"itemLink\" href=\"https:\/\/www.afmb.univ-mrs.fr\/en\/member\/green-afmb\/\">\n        <div class=\"imgWrapper\">\n                                    <img loading=\"lazy\" decoding=\"async\" src=\"https:\/\/www.afmb.univ-mrs.fr\/wp-content\/uploads\/2024\/11\/LogoGREENsqure-500x500.jpg\" width=\"500\" height=\"500\" alt=\"\" class=\"lazyload\" \/>\n                    <\/div>\n        <div class=\"memberInfos\">\n            <p class=\"memberInListName\">Green AFMB<\/p>\n                        <div class=\"memberInListExcerpt\">\n            <p>Committee<\/p>\n            <\/div>\n                                <\/div>\n    <\/a>\n<\/div><\/div><\/div>\n\n\n\n<div class=\"wp-block-column is-layout-flow wp-block-column-is-layout-flow\">\n<h5 class=\"wp-block-heading\"><strong><strong><strong><strong>Communication<\/strong><\/strong><\/strong><\/strong><\/h5>\n\n\n<div class=\"lazyblock-member-block-VStn6 wp-block-lazyblock-member-block\"><div class=\"memberInList fadeIn\">\n    <a class=\"itemLink\" href=\"https:\/\/www.afmb.univ-mrs.fr\/en\/member\/florence-vincent\/\">\n        <div class=\"imgWrapper\">\n                                    <img loading=\"lazy\" decoding=\"async\" src=\"https:\/\/www.afmb.univ-mrs.fr\/wp-content\/uploads\/2022\/02\/DSC_0126-scaled-e1646058606243-500x500.jpg\" width=\"500\" height=\"500\" alt=\"\" class=\"lazyload\" \/>\n                    <\/div>\n        <div class=\"memberInfos\">\n            <p class=\"memberInListName\">Florence Vincent<\/p>\n                        <div class=\"memberInListExcerpt\">\n            <p>Charg\u00e9e de recherche<\/p>\n            <\/div>\n                                <\/div>\n    <\/a>\n<\/div><\/div>\n\n\n<div style=\"height:50px\" aria-hidden=\"true\" class=\"wp-block-spacer\"><\/div>\n\n\n\n<h5 class=\"wp-block-heading\">Innovation<\/h5>\n\n\n\n<div class=\"wp-block-group\"><div class=\"wp-block-group__inner-container is-layout-constrained wp-block-group-is-layout-constrained\"><div class=\"lazyblock-member-block-M8ms3 wp-block-lazyblock-member-block\"><div class=\"memberInList fadeIn\">\n    <a class=\"itemLink\" href=\"https:\/\/www.afmb.univ-mrs.fr\/en\/member\/jean-claude-guillemot\/\">\n        <div class=\"imgWrapper\">\n                                    <img loading=\"lazy\" decoding=\"async\" src=\"https:\/\/www.afmb.univ-mrs.fr\/wp-content\/uploads\/2021\/03\/portrait-jc-guillemot.jpg\" width=\"500\" height=\"500\" alt=\"\" class=\"lazyload\" \/>\n                    <\/div>\n        <div class=\"memberInfos\">\n            <p class=\"memberInListName\">Jean-Claude Guillemot<\/p>\n                        <div class=\"memberInListExcerpt\">\n            <p>Professor<\/p>\n            <\/div>\n                                <\/div>\n    <\/a>\n<\/div><\/div><\/div><\/div>\n<\/div>\n\n\n\n<div class=\"wp-block-column is-layout-flow wp-block-column-is-layout-flow\">\n<h5 class=\"wp-block-heading\"><strong>Scientific culture<\/strong><\/h5>\n\n\n<div class=\"lazyblock-member-block-JyVn9 wp-block-lazyblock-member-block\"><div class=\"memberInList fadeIn\">\n    <a class=\"itemLink\" href=\"https:\/\/www.afmb.univ-mrs.fr\/en\/member\/gerlind-sulzenbacher\/\">\n        <div class=\"imgWrapper\">\n                                    <img loading=\"lazy\" decoding=\"async\" src=\"https:\/\/www.afmb.univ-mrs.fr\/wp-content\/uploads\/2021\/03\/DSC_0237-scaled-e1646234356435-500x500.jpg\" width=\"500\" height=\"500\" alt=\"\" class=\"lazyload\" \/>\n                    <\/div>\n        <div class=\"memberInfos\">\n            <p class=\"memberInListName\">Gerlind Sulzenbacher<\/p>\n                        <div class=\"memberInListExcerpt\">\n            <p>Research engineer<\/p>\n            <\/div>\n                                <\/div>\n    <\/a>\n<\/div><\/div>\n\n\n<div style=\"height:50px\" aria-hidden=\"true\" class=\"wp-block-spacer\"><\/div>\n<\/div>\n<\/div>\n\n\n\n<p><\/p>\n","protected":false},"excerpt":{"rendered":"<p>Director Deputy directors Support services Administrative and financial management Informatics Infrastructure and logistics Prevention assistance Gender equality Highly pathogenic microorganisms [&hellip;]<\/p>\n","protected":false},"author":1,"featured_media":723,"parent":771,"menu_order":1,"comment_status":"closed","ping_status":"closed","template":"","meta":{"footnotes":""},"class_list":["post-773","page","type-page","status-publish","has-post-thumbnail","hentry","entry"],"_links":{"self":[{"href":"https:\/\/www.afmb.univ-mrs.fr\/en\/wp-json\/wp\/v2\/pages\/773","targetHints":{"allow":["GET"]}}],"collection":[{"href":"https:\/\/www.afmb.univ-mrs.fr\/en\/wp-json\/wp\/v2\/pages"}],"about":[{"href":"https:\/\/www.afmb.univ-mrs.fr\/en\/wp-json\/wp\/v2\/types\/page"}],"author":[{"embeddable":true,"href":"https:\/\/www.afmb.univ-mrs.fr\/en\/wp-json\/wp\/v2\/users\/1"}],"replies":[{"embeddable":true,"href":"https:\/\/www.afmb.univ-mrs.fr\/en\/wp-json\/wp\/v2\/comments?post=773"}],"version-history":[{"count":56,"href":"https:\/\/www.afmb.univ-mrs.fr\/en\/wp-json\/wp\/v2\/pages\/773\/revisions"}],"predecessor-version":[{"id":10773,"href":"https:\/\/www.afmb.univ-mrs.fr\/en\/wp-json\/wp\/v2\/pages\/773\/revisions\/10773"}],"up":[{"embeddable":true,"href":"https:\/\/www.afmb.univ-mrs.fr\/en\/wp-json\/wp\/v2\/pages\/771"}],"wp:featuredmedia":[{"embeddable":true,"href":"https:\/\/www.afmb.univ-mrs.fr\/en\/wp-json\/wp\/v2\/media\/723"}],"wp:attachment":[{"href":"https:\/\/www.afmb.univ-mrs.fr\/en\/wp-json\/wp\/v2\/media?parent=773"}],"curies":[{"name":"wp","href":"https:\/\/api.w.org\/{rel}","templated":true}]}}